{"id":27,"date":"2024-04-07T18:48:35","date_gmt":"2024-04-07T16:48:35","guid":{"rendered":"https:\/\/geowieczorek.pl\/?page_id=27"},"modified":"2024-04-10T11:16:24","modified_gmt":"2024-04-10T09:16:24","slug":"niedziela-milosierdzia-bozego","status":"publish","type":"page","link":"https:\/\/geowieczorek.pl\/index.php\/krakow-religijny\/niedziela-milosierdzia-bozego\/","title":{"rendered":"Niedziela Mi\u0142osierdzia Bo\u017cego"},"content":{"rendered":"<p><img loading=\"lazy\" decoding=\"async\" class=\"alignnone size-large wp-image-29\" src=\"https:\/\/geowieczorek.pl\/wp-content\/uploads\/2024\/04\/1-1-1024x663.jpg\" alt=\"\" width=\"1024\" height=\"663\" srcset=\"https:\/\/geowieczorek.pl\/wp-content\/uploads\/2024\/04\/1-1-1024x663.jpg 1024w, https:\/\/geowieczorek.pl\/wp-content\/uploads\/2024\/04\/1-1-300x194.jpg 300w, https:\/\/geowieczorek.pl\/wp-content\/uploads\/2024\/04\/1-1-768x497.jpg 768w, https:\/\/geowieczorek.pl\/wp-content\/uploads\/2024\/04\/1-1-1536x995.jpg 1536w, https:\/\/geowieczorek.pl\/wp-content\/uploads\/2024\/04\/1-1-2048x1326.jpg 2048w\" sizes=\"auto, (max-width: 1024px) 100vw, 1024px\" \/><\/p>\n<p>&nbsp;<\/p>\n<p style=\"text-align: center;\"><strong>Niedziela Mi\u0142osierdzia Bo\u017cego<\/strong><\/p>\n<p style=\"text-align: center;\">z udzia\u0142em Ch\u00f3ru Maria\u0144skiego<\/p>\n<p style=\"text-align: center;\">Krak\u00f3w, \u0141agiewniki<\/p>\n<p style=\"text-align: center;\">7 kwietnia 2024 r.<\/p>\n<p style=\"text-align: center;\">{dokumentacja:\u00a0 J\u00f3zef Wieczorek]<\/p>\n<p><img loading=\"lazy\" decoding=\"async\" class=\"alignnone size-large wp-image-30\" src=\"https:\/\/geowieczorek.pl\/wp-content\/uploads\/2024\/04\/3-1024x499.jpg\" alt=\"\" width=\"1024\" height=\"499\" srcset=\"https:\/\/geowieczorek.pl\/wp-content\/uploads\/2024\/04\/3-1024x499.jpg 1024w, https:\/\/geowieczorek.pl\/wp-content\/uploads\/2024\/04\/3-300x146.jpg 300w, https:\/\/geowieczorek.pl\/wp-content\/uploads\/2024\/04\/3-768x374.jpg 768w, https:\/\/geowieczorek.pl\/wp-content\/uploads\/2024\/04\/3-1536x749.jpg 1536w, https:\/\/geowieczorek.pl\/wp-content\/uploads\/2024\/04\/3-2048x998.jpg 2048w\" sizes=\"auto, (max-width: 1024px) 100vw, 1024px\" \/><\/p>\n<p>&nbsp;<\/p>\n<p><img loading=\"lazy\" decoding=\"async\" class=\"alignnone size-large wp-image-31\" src=\"https:\/\/geowieczorek.pl\/wp-content\/uploads\/2024\/04\/7-1024x768.jpg\" alt=\"\" width=\"1024\" height=\"768\" srcset=\"https:\/\/geowieczorek.pl\/wp-content\/uploads\/2024\/04\/7-1024x768.jpg 1024w, https:\/\/geowieczorek.pl\/wp-content\/uploads\/2024\/04\/7-300x225.jpg 300w, https:\/\/geowieczorek.pl\/wp-content\/uploads\/2024\/04\/7-768x576.jpg 768w, https:\/\/geowieczorek.pl\/wp-content\/uploads\/2024\/04\/7-1536x1152.jpg 1536w, https:\/\/geowieczorek.pl\/wp-content\/uploads\/2024\/04\/7-2048x1536.jpg 2048w\" sizes=\"auto, (max-width: 1024px) 100vw, 1024px\" \/><\/p>\n<p>&nbsp;<\/p>\n<p><img loading=\"lazy\" decoding=\"async\" class=\"alignnone size-large wp-image-32\" src=\"https:\/\/geowieczorek.pl\/wp-content\/uploads\/2024\/04\/6-1024x666.jpg\" alt=\"\" width=\"1024\" height=\"666\" srcset=\"https:\/\/geowieczorek.pl\/wp-content\/uploads\/2024\/04\/6-1024x666.jpg 1024w, https:\/\/geowieczorek.pl\/wp-content\/uploads\/2024\/04\/6-300x195.jpg 300w, https:\/\/geowieczorek.pl\/wp-content\/uploads\/2024\/04\/6-768x500.jpg 768w, https:\/\/geowieczorek.pl\/wp-content\/uploads\/2024\/04\/6-1536x999.jpg 1536w, https:\/\/geowieczorek.pl\/wp-content\/uploads\/2024\/04\/6-2048x1333.jpg 2048w\" sizes=\"auto, (max-width: 1024px) 100vw, 1024px\" \/><\/p>\n<p><img loading=\"lazy\" decoding=\"async\" class=\"alignnone size-large wp-image-33\" src=\"https:\/\/geowieczorek.pl\/wp-content\/uploads\/2024\/04\/9-1024x334.jpg\" alt=\"\" width=\"1024\" height=\"334\" srcset=\"https:\/\/geowieczorek.pl\/wp-content\/uploads\/2024\/04\/9-1024x334.jpg 1024w, https:\/\/geowieczorek.pl\/wp-content\/uploads\/2024\/04\/9-300x98.jpg 300w, https:\/\/geowieczorek.pl\/wp-content\/uploads\/2024\/04\/9-768x250.jpg 768w, https:\/\/geowieczorek.pl\/wp-content\/uploads\/2024\/04\/9-1536x501.jpg 1536w, https:\/\/geowieczorek.pl\/wp-content\/uploads\/2024\/04\/9-2048x668.jpg 2048w\" sizes=\"auto, (max-width: 1024px) 100vw, 1024px\" \/><\/p>\n<p><img loading=\"lazy\" decoding=\"async\" class=\"alignnone size-large wp-image-34\" src=\"https:\/\/geowieczorek.pl\/wp-content\/uploads\/2024\/04\/5-1024x450.jpg\" alt=\"\" width=\"1024\" height=\"450\" srcset=\"https:\/\/geowieczorek.pl\/wp-content\/uploads\/2024\/04\/5-1024x450.jpg 1024w, https:\/\/geowieczorek.pl\/wp-content\/uploads\/2024\/04\/5-300x132.jpg 300w, https:\/\/geowieczorek.pl\/wp-content\/uploads\/2024\/04\/5-768x337.jpg 768w, https:\/\/geowieczorek.pl\/wp-content\/uploads\/2024\/04\/5-1536x675.jpg 1536w, https:\/\/geowieczorek.pl\/wp-content\/uploads\/2024\/04\/5-2048x900.jpg 2048w\" sizes=\"auto, (max-width: 1024px) 100vw, 1024px\" \/><\/p>\n<p><img loading=\"lazy\" decoding=\"async\" class=\"size-large wp-image-35 aligncenter\" src=\"https:\/\/geowieczorek.pl\/wp-content\/uploads\/2024\/04\/10-768x1024.jpg\" alt=\"\" width=\"768\" height=\"1024\" srcset=\"https:\/\/geowieczorek.pl\/wp-content\/uploads\/2024\/04\/10-768x1024.jpg 768w, https:\/\/geowieczorek.pl\/wp-content\/uploads\/2024\/04\/10-225x300.jpg 225w, https:\/\/geowieczorek.pl\/wp-content\/uploads\/2024\/04\/10-1152x1536.jpg 1152w, https:\/\/geowieczorek.pl\/wp-content\/uploads\/2024\/04\/10-1536x2048.jpg 1536w, https:\/\/geowieczorek.pl\/wp-content\/uploads\/2024\/04\/10-scaled.jpg 1920w\" sizes=\"auto, (max-width: 768px) 100vw, 768px\" \/><\/p>\n<p><img loading=\"lazy\" decoding=\"async\" class=\"alignnone size-large wp-image-36\" src=\"https:\/\/geowieczorek.pl\/wp-content\/uploads\/2024\/04\/4-1024x620.jpg\" alt=\"\" width=\"1024\" height=\"620\" srcset=\"https:\/\/geowieczorek.pl\/wp-content\/uploads\/2024\/04\/4-1024x620.jpg 1024w, https:\/\/geowieczorek.pl\/wp-content\/uploads\/2024\/04\/4-300x182.jpg 300w, https:\/\/geowieczorek.pl\/wp-content\/uploads\/2024\/04\/4-768x465.jpg 768w, https:\/\/geowieczorek.pl\/wp-content\/uploads\/2024\/04\/4-1536x930.jpg 1536w, https:\/\/geowieczorek.pl\/wp-content\/uploads\/2024\/04\/4-2048x1240.jpg 2048w\" sizes=\"auto, (max-width: 1024px) 100vw, 1024px\" \/><\/p>\n<p><img loading=\"lazy\" decoding=\"async\" class=\"alignnone size-large wp-image-37\" src=\"https:\/\/geowieczorek.pl\/wp-content\/uploads\/2024\/04\/7-1-1024x689.jpg\" alt=\"\" width=\"1024\" height=\"689\" srcset=\"https:\/\/geowieczorek.pl\/wp-content\/uploads\/2024\/04\/7-1-1024x689.jpg 1024w, https:\/\/geowieczorek.pl\/wp-content\/uploads\/2024\/04\/7-1-300x202.jpg 300w, https:\/\/geowieczorek.pl\/wp-content\/uploads\/2024\/04\/7-1-768x516.jpg 768w, https:\/\/geowieczorek.pl\/wp-content\/uploads\/2024\/04\/7-1-1536x1033.jpg 1536w, https:\/\/geowieczorek.pl\/wp-content\/uploads\/2024\/04\/7-1-2048x1377.jpg 2048w\" sizes=\"auto, (max-width: 1024px) 100vw, 1024px\" \/><\/p>\n<p><img loading=\"lazy\" decoding=\"async\" class=\"alignnone size-large wp-image-38\" src=\"https:\/\/geowieczorek.pl\/wp-content\/uploads\/2024\/04\/8-1-1024x644.jpg\" alt=\"\" width=\"1024\" height=\"644\" srcset=\"https:\/\/geowieczorek.pl\/wp-content\/uploads\/2024\/04\/8-1-1024x644.jpg 1024w, https:\/\/geowieczorek.pl\/wp-content\/uploads\/2024\/04\/8-1-300x189.jpg 300w, https:\/\/geowieczorek.pl\/wp-content\/uploads\/2024\/04\/8-1-768x483.jpg 768w, https:\/\/geowieczorek.pl\/wp-content\/uploads\/2024\/04\/8-1-1536x966.jpg 1536w, https:\/\/geowieczorek.pl\/wp-content\/uploads\/2024\/04\/8-1-2048x1289.jpg 2048w\" sizes=\"auto, (max-width: 1024px) 100vw, 1024px\" \/><\/p>\n","protected":false},"excerpt":{"rendered":"<p>&nbsp; Niedziela Mi\u0142osierdzia Bo\u017cego z udzia\u0142em Ch\u00f3ru Maria\u0144skiego Krak\u00f3w, \u0141agiewniki 7 kwietnia 2024 r. {dokumentacja:\u00a0 J\u00f3zef Wieczorek] &nbsp; &nbsp;<\/p>\n","protected":false},"author":1,"featured_media":0,"parent":81,"menu_order":0,"comment_status":"closed","ping_status":"closed","template":"","meta":{"footnotes":""},"class_list":["post-27","page","type-page","status-publish","hentry"],"_links":{"self":[{"href":"https:\/\/geowieczorek.pl\/index.php\/wp-json\/wp\/v2\/pages\/27","targetHints":{"allow":["GET"]}}],"collection":[{"href":"https:\/\/geowieczorek.pl\/index.php\/wp-json\/wp\/v2\/pages"}],"about":[{"href":"https:\/\/geowieczorek.pl\/index.php\/wp-json\/wp\/v2\/types\/page"}],"author":[{"embeddable":true,"href":"https:\/\/geowieczorek.pl\/index.php\/wp-json\/wp\/v2\/users\/1"}],"replies":[{"embeddable":true,"href":"https:\/\/geowieczorek.pl\/index.php\/wp-json\/wp\/v2\/comments?post=27"}],"version-history":[{"count":3,"href":"https:\/\/geowieczorek.pl\/index.php\/wp-json\/wp\/v2\/pages\/27\/revisions"}],"predecessor-version":[{"id":80,"href":"https:\/\/geowieczorek.pl\/index.php\/wp-json\/wp\/v2\/pages\/27\/revisions\/80"}],"up":[{"embeddable":true,"href":"https:\/\/geowieczorek.pl\/index.php\/wp-json\/wp\/v2\/pages\/81"}],"wp:attachment":[{"href":"https:\/\/geowieczorek.pl\/index.php\/wp-json\/wp\/v2\/media?parent=27"}],"curies":[{"name":"wp","href":"https:\/\/api.w.org\/{rel}","templated":true}]}}